{"id":3917,"date":"2023-01-06T17:54:24","date_gmt":"2023-01-06T16:54:24","guid":{"rendered":"https:\/\/ccbtanz.prkrdesign.at\/?page_id=3917"},"modified":"2023-01-10T19:30:17","modified_gmt":"2023-01-10T18:30:17","slug":"datenschutz","status":"publish","type":"page","link":"https:\/\/ccb-tanz.at\/en\/datenschutz\/","title":{"rendered":"Privacy"},"content":{"rendered":"<h3 class=\"wp-block-heading\">Wer wir sind<\/h3>\n\n\n\n<p>In diesem Abschnitt solltest du die URL deiner Website nennen sowie den Namen des Unternehmens, der Organisation oder des Individuums hinter dem Projekt und auch korrekte Kontakt-Informationen.<\/p>\n\n\n\n<p>Der Umfang der Informationen, f\u00fcr die es erforderlich sein kann, sie anzuzeigen, wird in Abh\u00e4ngigkeit von deinen lokalen oder nationalen Gesch\u00e4ftsordnungen variieren. Es kann zum Beispiel erforderlich sein, deine physische Adresse, eine registrierte Adresse oder die Registernummer deines Unternehmens anzugeben.<\/p>\n\n\n\n<h3 class=\"wp-block-heading\">Welche personenbezogenen Daten wir sammeln und warum wir sie sammeln<\/h3>\n\n\n\n<p>In diesem Abschnitt solltest du angeben, welche personenbezogenen Daten du von Benutzern und Besuchern deiner Website sammelst. Dies k\u00f6nnen personenbezogene Daten wie Name, E-Mail-Adresse, pers\u00f6nliche Kontoeinstellungen, Transaktionsdaten wie z.&nbsp;B. Kaufinformationen sowie technische Daten wie z.&nbsp;B. Informationen \u00fcber Cookies sein.<\/p>\n\n\n\n<p>Du musst auch jede Erfassung und Speicherung sensibler personenbezogener Daten, wie Gesundheitsdaten, deutlich machen.<\/p>\n\n\n\n<p>Zus\u00e4tzlich zur der Auflistung der Art personenbezogener Daten, die du sammelst, musst du den Grund daf\u00fcr darlegen. Diese Erkl\u00e4rungen m\u00fcssen entweder die Rechtsgrundlage der Sammlung und Speicherung von Daten erw\u00e4hnen oder die Einverst\u00e4ndniserkl\u00e4rung, in die der Benutzer eingewilligt hat.<\/p>\n\n\n\n<p>Personenbezogene Daten werden nicht nur bei Interaktionen eines Benutzers mit deiner Website erstellt. Personenbezogene Daten werden auch bei technischen Prozessen wie bei Kontaktformularen, Kommentaren, Cookies, Analysewerkzeugen und Einbettungen von Drittanbietern erzeugt.<\/p>\n\n\n\n<p>Standardm\u00e4\u00dfig sammelt WordPress keine personenbezogenen Daten \u00fcber Benutzer und sammelt nur die Daten, die im Profil eines registrierten Benutzers angezeigt werden. Einige deiner Plugins k\u00f6nnen aber zus\u00e4tzliche personenbezogene Daten sammeln, f\u00fcge die relevanten Informationen unten hinzu.<\/p>\n\n\n\n<h3 class=\"wp-block-heading\">Kommentare<\/h3>\n\n\n\n<p>In diesem Unterabschnitt solltest du angeben, welche Informationen in Kommentaren erfasst werden. Wir haben die Daten angegeben, die WordPress standardm\u00e4\u00dfig sammelt.<\/p>\n\n\n\n<h3 class=\"wp-block-heading\">Media<\/h3>\n\n\n\n<p>In diesem Unterabschnitt solltest du angeben, welche Informationen von Benutzern offengelegt werden, die Mediendateien hochladen k\u00f6nnen. Auf alle hochgeladenen Dateien kann in der Regel \u00f6ffentlich zugegriffen werden.<\/p>\n\n\n\n<h3 class=\"wp-block-heading\">Kontaktformulare<\/h3>\n\n\n\n<p>Standardm\u00e4\u00dfig beinhaltet WordPress kein Kontaktformular. Falls du ein Kontaktformular-Plugin benutzt, nutze diesen Unterabschnitt, um anzugeben, welche personenbezogenen Daten bei der \u00dcbermittlung eines Kontaktformulars aufgezeichnet werden und wie lange du sie speicherst. Du k\u00f6nntest zum Beispiel angeben, dass \u00fcbermittelte Kontaktformulare f\u00fcr den Kundenservice f\u00fcr eine bestimmte Zeit gespeichert werden, w\u00e4hrend du solche nicht f\u00fcr Marketing-Zwecke verwendest.<\/p>\n\n\n\n<h3 class=\"wp-block-heading\">Cookies<\/h3>\n\n\n\n<p>In diesem Unterabschnitt solltest du die Cookies auflisten, die deine Website benutzt, inklusive solcher, die deine Plugins, soziale Medien und Analysedienste setzen. Wir haben die Cookies angegeben, die WordPress standardm\u00e4\u00dfig installiert.<\/p>\n\n\n\n<h3 class=\"wp-block-heading\">Analysedienste<\/h3>\n\n\n\n<p>In diesem Unterabschnitt solltest du angeben, welche Analysedienste du verwendest, wie Benutzer das Analyse-Tracking ablehnen k\u00f6nnen sowie einen Link zur Datenschutzerkl\u00e4rung deines Analysedienst-Anbieters einf\u00fcgen, falls vorhanden.<\/p>\n\n\n\n<p>Standardm\u00e4\u00dfig sammelt WordPress keine Analysedaten. Allerdings sammeln viele Webhosting-Konten einige anonyme Analysedaten. M\u00f6glicherweise hast du auch ein WordPress-Plugin installiert, das Analysedienste bereitstellt. In diesem Fall f\u00fcge Informationen aus diesem Plugin hier hinzu.<\/p>\n\n\n\n<h3 class=\"wp-block-heading\">Mit wem wir deine Daten teilen<\/h3>\n\n\n\n<p>In diesem Abschnitt solltest du alle Drittanbieter mit Namen auflisten, mit denen du Daten der Website teilst, inklusive Partner, Cloud-basierte Dienstleister, Zahlungsdienstleister und Dritt-Dienstanbieter und aufzeigen, welche Daten du mit ihnen teilst und warum. Falls m\u00f6glich f\u00fcge Links zu deren eigenen Datenschutzbestimmungen hinzu.<\/p>\n\n\n\n<p>Standardm\u00e4\u00dfig teilt WordPress keinerlei personenbezogene Daten mit Dritten.<\/p>\n\n\n\n<h3 class=\"wp-block-heading\">Wie lange wir deine Daten speichern<\/h3>\n\n\n\n<p>In diesem Bereich solltest du erl\u00e4utern, wie lange du die personenbezogenen Daten, die du gesammelt oder verarbeitet hast, aufbewahrst. W\u00e4hrend es in deiner Verantwortung liegt, eine \u00dcbersicht dar\u00fcber, wie lange du jeden einzelnen Datensatz aufbewahrst und warum du das machst, zu erstellen, musst du diese hier im Detail auff\u00fchren. Beispielsweise kannst du eintragen, dass du Kontaktformulardaten f\u00fcr sechs Monate, Statistikdaten f\u00fcr ein Jahr und Bestelldaten f\u00fcr zehn Jahre aufbewahrst.<\/p>\n\n\n\n<h3 class=\"wp-block-heading\">Welche Rechte du an deinen Daten hast<\/h3>\n\n\n\n<p>In diesem Abschnitt solltest du erkl\u00e4ren, welche Datenschutzrechte die Benutzer deiner Website haben und wie sie diese geltend machen k\u00f6nnen.<\/p>\n\n\n\n<h3 class=\"wp-block-heading\">Wohin deine Daten gesendet werden<\/h3>\n\n\n\n<p>In diesem Bereich solltest du alle \u00dcbertragungen der Daten von deiner Website mit Ziel au\u00dferhalb der EU auff\u00fchren und die Methoden beschreiben, mit denen die Daten nach dem europ\u00e4ischen Datenschutzbestimmungen gesch\u00fctzt werden. Dies kann dein Webhosting, deinen Cloud-Speicher oder andere Drittanbieter-Dienste betreffen.<\/p>\n\n\n\n<p>Das europ\u00e4ische Datenschutzgesetz sieht vor, dass Daten \u00fcber europ\u00e4ische Bewohner, die au\u00dferhalb der EU \u00fcbertragen werden, mit denselben Standards gesch\u00fctzt werden m\u00fcssen, als wenn die Daten in Europa verarbeitet w\u00fcrden. Zus\u00e4tzlich zu einer Auflistung, wohin die Daten \u00fcbertragen werden, solltest du beschreiben, wie die Einhaltung der Standards durch dich oder Drittanbieter gew\u00e4hrleistet wird und ob dies durch eine Vereinbarung wie das Privacy Shield, eigene Vertragsklauseln oder auch Unternehmensrichtlinien erreicht wird.<\/p>\n\n\n\n<h3 class=\"wp-block-heading\">Kontaktinformationen<\/h3>\n\n\n\n<p>In diesem Bereich solltest du eine Kontaktm\u00f6glichkeit f\u00fcr datenschutzrelevante Anliegen anbieten. Wenn du einen Datenschutzbeauftragten einsetzt, f\u00fchre den Namen und die vollst\u00e4ndigen Kontaktdaten hier ebenfalls auf.<\/p>\n\n\n\n<h3 class=\"wp-block-heading\">Weitere Informationen<\/h3>\n\n\n\n<p>Wenn du deine Website f\u00fcr kommerzielle Zwecke nutzt und weitergehende personenbezogene Daten sammelst bzw. verarbeitest, solltest du die folgende Information in deine Datenschutzerkl\u00e4rung aufnehmen, zus\u00e4tzlich zu den Informationen, die wir bereits erw\u00e4hnt haben.<\/p>\n\n\n\n<h3 class=\"wp-block-heading\">Wie wir deine Daten sch\u00fctzen<\/h3>\n\n\n\n<p>In diesem Bereich solltest du erl\u00e4utern, welche Ma\u00dfnahmen du ergriffen hast, um deine Benutzerdaten zu sch\u00fctzen. Dies umfasst technische Ma\u00dfnahmen wie Verschl\u00fcsselung, Sicherheitsma\u00dfnahmen wie Zwei-Faktor-Authentifizierung und menschliche Faktoren wie Datenschutz-Schulungen f\u00fcr die Mitarbeiter. Wenn du eine Datenschutz-Folgenabsch\u00e4tzung erstellt hast, kannst du sie hier auch erw\u00e4hnen.<\/p>\n\n\n\n<h3 class=\"wp-block-heading\">Welche Ma\u00dfnahmen wir bei Datenschutzverletzungen anbieten<\/h3>\n\n\n\n<p>In diesem Bereich solltest du erl\u00e4utern, welche Ma\u00dfnahmen du ergriffen hast, um mit potentiellen oder realen Datenlecks umzugehen, beispielsweise interne Reporting-Systeme, Kontaktmechanismen oder Bug-Bounty-Programme.<\/p>\n\n\n\n<h3 class=\"wp-block-heading\">Von welchen Drittanbietern wir Daten erhalten<\/h3>\n\n\n\n<p>Falls deine Website von Dritten Daten \u00fcber Benutzer erh\u00e4lt, inklusive Werbetreibenden, muss diese Information innerhalb des Abschnitts deiner Datenschutzerkl\u00e4rung enthalten sein, der Auskunft \u00fcber Daten von Dritten gibt.<\/p>\n\n\n\n<h3 class=\"wp-block-heading\">Welche automatisierte Entscheidungsfindung und\/oder Profilerstellung wir mit Benutzerdaten durchf\u00fchren<\/h3>\n\n\n\n<p>Falls deine Website einen Dienst anbietet, der automatisierte Entscheidungsfindung beinhaltet, z.&nbsp;B. f\u00fcr Kreditanfragen von Benutzern oder das Sammeln derer Daten f\u00fcr ein Werbeprofil, musst du darauf hinweisen, dass dies geschieht. Und des Weiteren Informationen dar\u00fcber anbieten, wie diese Informationen genutzt werden, welche Entscheidungen aufgrund dieser zusammengetragenen Daten getroffen werden und welche Rechte Benutzer an den Entscheidungen haben, die ohne menschliches Zutun getroffen werden.<\/p>\n\n\n\n<h3 class=\"wp-block-heading\">Vorausgesetzte Offenlegungspflichten der Industrie<\/h3>\n\n\n\n<p>Wenn du einer regulierten Branche angeh\u00f6rst oder zus\u00e4tzlichen Datenschutzgesetzen unterliegst, bist du m\u00f6glicherweise verpflichtet, diese Informationen hier offenzulegen.<\/p>","protected":false},"excerpt":{"rendered":"<p>Wer wir sind In diesem Abschnitt solltest du die URL deiner Website nennen sowie den Namen des Unternehmens, der Organisation oder des Individuums hinter dem Projekt und auch korrekte Kontakt-Informationen. Der Umfang der Informationen, f\u00fcr die es erforderlich sein kann, sie anzuzeigen, wird in Abh\u00e4ngigkeit von deinen lokalen oder nationalen Gesch\u00e4ftsordnungen variieren. Es kann zum&#8230;<\/p>","protected":false},"author":1,"featured_media":0,"parent":0,"menu_order":0,"comment_status":"closed","ping_status":"closed","template":"","meta":{"_acf_changed":false,"footnotes":""},"class_list":["post-3917","page","type-page","status-publish","hentry"],"acf":[],"_links":{"self":[{"href":"https:\/\/ccb-tanz.at\/en\/wp-json\/wp\/v2\/pages\/3917","targetHints":{"allow":["GET"]}}],"collection":[{"href":"https:\/\/ccb-tanz.at\/en\/wp-json\/wp\/v2\/pages"}],"about":[{"href":"https:\/\/ccb-tanz.at\/en\/wp-json\/wp\/v2\/types\/page"}],"author":[{"embeddable":true,"href":"https:\/\/ccb-tanz.at\/en\/wp-json\/wp\/v2\/users\/1"}],"replies":[{"embeddable":true,"href":"https:\/\/ccb-tanz.at\/en\/wp-json\/wp\/v2\/comments?post=3917"}],"version-history":[{"count":3,"href":"https:\/\/ccb-tanz.at\/en\/wp-json\/wp\/v2\/pages\/3917\/revisions"}],"predecessor-version":[{"id":4113,"href":"https:\/\/ccb-tanz.at\/en\/wp-json\/wp\/v2\/pages\/3917\/revisions\/4113"}],"wp:attachment":[{"href":"https:\/\/ccb-tanz.at\/en\/wp-json\/wp\/v2\/media?parent=3917"}],"curies":[{"name":"wp","href":"https:\/\/api.w.org\/{rel}","templated":true}]}}